{"id":1026,"date":"2023-08-21T08:08:53","date_gmt":"2023-08-21T06:08:53","guid":{"rendered":"https:\/\/mustc.pm.szczecin.pl\/?page_id=1026"},"modified":"2025-07-11T14:56:40","modified_gmt":"2025-07-11T12:56:40","slug":"cso-mustc","status":"publish","type":"page","link":"https:\/\/mustc.pm.szczecin.pl\/en\/cso-mustc\/","title":{"rendered":"CSO MUSTC"},"content":{"rendered":"<div data-elementor-type=\"wp-page\" data-elementor-id=\"1026\" class=\"elementor elementor-1026\">\n\t\t\t\t\t\t<section data-particle_enable=\"false\" data-particle-mobile-disabled=\"false\" class=\"elementor-section elementor-top-section elementor-element elementor-element-488886c elementor-section-boxed elementor-section-height-default elementor-section-height-default\" data-id=\"488886c\" data-element_type=\"section\" data-e-type=\"section\">\n\t\t\t\t\t\t<div class=\"elementor-container elementor-column-gap-default\">\n\t\t\t\t\t<div class=\"elementor-column elementor-col-50 elementor-top-column elementor-element elementor-element-e462c1d\" data-id=\"e462c1d\" data-element_type=\"column\" data-e-type=\"column\">\n\t\t\t<div class=\"elementor-widget-wrap elementor-element-populated\">\n\t\t\t\t\t\t<div class=\"elementor-element elementor-element-51c2c14 elementor-widget elementor-widget-heading\" data-id=\"51c2c14\" data-element_type=\"widget\" data-e-type=\"widget\" data-widget_type=\"heading.default\">\n\t\t\t\t<div class=\"elementor-widget-container\">\n\t\t\t\t\t<h2 class=\"elementor-heading-title elementor-size-default\">CSO MUSTC<\/h2>\t\t\t\t<\/div>\n\t\t\t\t<\/div>\n\t\t\t\t\t<\/div>\n\t\t<\/div>\n\t\t\t\t<div class=\"elementor-column elementor-col-50 elementor-top-column elementor-element elementor-element-79373b3\" data-id=\"79373b3\" data-element_type=\"column\" data-e-type=\"column\">\n\t\t\t<div class=\"elementor-widget-wrap\">\n\t\t\t\t\t\t\t<\/div>\n\t\t<\/div>\n\t\t\t\t\t<\/div>\n\t\t<\/section>\n\t\t\t\t<section data-particle_enable=\"false\" data-particle-mobile-disabled=\"false\" class=\"elementor-section elementor-top-section elementor-element elementor-element-fac5565 elementor-section-boxed elementor-section-height-default elementor-section-height-default\" data-id=\"fac5565\" data-element_type=\"section\" data-e-type=\"section\">\n\t\t\t\t\t\t<div class=\"elementor-container elementor-column-gap-default\">\n\t\t\t\t\t<div class=\"elementor-column elementor-col-50 elementor-top-column elementor-element elementor-element-f47bcf7\" data-id=\"f47bcf7\" data-element_type=\"column\" data-e-type=\"column\">\n\t\t\t<div class=\"elementor-widget-wrap elementor-element-populated\">\n\t\t\t\t\t\t<div class=\"elementor-element elementor-element-d73ef18 elementor-widget__width-initial elementor-widget elementor-widget-text-editor\" data-id=\"d73ef18\" data-element_type=\"widget\" data-e-type=\"widget\" data-widget_type=\"text-editor.default\">\n\t\t\t\t<div class=\"elementor-widget-container\">\n\t\t\t\t\t\t\t\t\t<p><strong>The MUSTC Offshore Training Centre<\/strong> is a cutting-edge facility where dedicated courses and training are provided for students and staff of the Maritime University of Szczecin and other universities, members of services related to health and life saving (SAR, water rescue teams, Fire Service) and professionals of the rapidly growing offshore industry.<\/p>\t\t\t\t\t\t\t\t<\/div>\n\t\t\t\t<\/div>\n\t\t\t\t\t<\/div>\n\t\t<\/div>\n\t\t\t\t<div class=\"elementor-column elementor-col-50 elementor-top-column elementor-element elementor-element-c0ac252\" data-id=\"c0ac252\" data-element_type=\"column\" data-e-type=\"column\">\n\t\t\t<div class=\"elementor-widget-wrap elementor-element-populated\">\n\t\t\t\t\t\t<div class=\"elementor-element elementor-element-54e8cf8 elementor-widget elementor-widget-image\" data-id=\"54e8cf8\" data-element_type=\"widget\" data-e-type=\"widget\" data-widget_type=\"image.default\">\n\t\t\t\t<div class=\"elementor-widget-container\">\n\t\t\t\t\t\t\t\t\t\t\t\t\t\t\t<img fetchpriority=\"high\" decoding=\"async\" width=\"1024\" height=\"683\" src=\"https:\/\/mustc.pm.szczecin.pl\/wp-content\/uploads\/2023\/08\/budynek-CSO-1024x683.jpg\" class=\"attachment-large size-large wp-image-1168\" alt=\"\" srcset=\"https:\/\/mustc.pm.szczecin.pl\/wp-content\/uploads\/2023\/08\/budynek-CSO-1024x683.jpg 1024w, https:\/\/mustc.pm.szczecin.pl\/wp-content\/uploads\/2023\/08\/budynek-CSO-300x200.jpg 300w, https:\/\/mustc.pm.szczecin.pl\/wp-content\/uploads\/2023\/08\/budynek-CSO-768x512.jpg 768w, https:\/\/mustc.pm.szczecin.pl\/wp-content\/uploads\/2023\/08\/budynek-CSO-1536x1024.jpg 1536w, https:\/\/mustc.pm.szczecin.pl\/wp-content\/uploads\/2023\/08\/budynek-CSO-18x12.jpg 18w, https:\/\/mustc.pm.szczecin.pl\/wp-content\/uploads\/2023\/08\/budynek-CSO-1000x667.jpg 1000w, https:\/\/mustc.pm.szczecin.pl\/wp-content\/uploads\/2023\/08\/budynek-CSO-230x153.jpg 230w, https:\/\/mustc.pm.szczecin.pl\/wp-content\/uploads\/2023\/08\/budynek-CSO-350x233.jpg 350w, https:\/\/mustc.pm.szczecin.pl\/wp-content\/uploads\/2023\/08\/budynek-CSO-480x320.jpg 480w, https:\/\/mustc.pm.szczecin.pl\/wp-content\/uploads\/2023\/08\/budynek-CSO.jpg 1872w\" sizes=\"(max-width: 1024px) 100vw, 1024px\" \/>\t\t\t\t\t\t\t\t\t\t\t\t\t\t\t<\/div>\n\t\t\t\t<\/div>\n\t\t\t\t\t<\/div>\n\t\t<\/div>\n\t\t\t\t\t<\/div>\n\t\t<\/section>\n\t\t\t\t<section data-particle_enable=\"false\" data-particle-mobile-disabled=\"false\" class=\"elementor-section elementor-top-section elementor-element elementor-element-2c4a3e1 elementor-section-boxed elementor-section-height-default elementor-section-height-default\" data-id=\"2c4a3e1\" data-element_type=\"section\" data-e-type=\"section\">\n\t\t\t\t\t\t<div class=\"elementor-container elementor-column-gap-default\">\n\t\t\t\t\t<div class=\"elementor-column elementor-col-50 elementor-top-column elementor-element elementor-element-39e271d\" data-id=\"39e271d\" data-element_type=\"column\" data-e-type=\"column\">\n\t\t\t<div class=\"elementor-widget-wrap elementor-element-populated\">\n\t\t\t\t\t\t<div class=\"elementor-element elementor-element-06ae7d5 elementor-widget elementor-widget-image\" data-id=\"06ae7d5\" data-element_type=\"widget\" data-e-type=\"widget\" data-widget_type=\"image.default\">\n\t\t\t\t<div class=\"elementor-widget-container\">\n\t\t\t\t\t\t\t\t\t\t\t\t\t\t\t<img decoding=\"async\" width=\"1024\" height=\"682\" src=\"https:\/\/mustc.pm.szczecin.pl\/wp-content\/uploads\/2025\/06\/Centrum-Szkoleniowe-Offshore-MUSTC-PM-cwiczenia-1-1024x682.webp\" class=\"attachment-large size-large wp-image-3470\" alt=\"Basen z mg\u0142\u0105 i sprz\u0119tem ratunkowym w Centrum Szkoleniowym offshore Politechniki Morskiej w Szczecinie\" srcset=\"https:\/\/mustc.pm.szczecin.pl\/wp-content\/uploads\/2025\/06\/Centrum-Szkoleniowe-Offshore-MUSTC-PM-cwiczenia-1-1024x682.webp 1024w, https:\/\/mustc.pm.szczecin.pl\/wp-content\/uploads\/2025\/06\/Centrum-Szkoleniowe-Offshore-MUSTC-PM-cwiczenia-1-300x200.webp 300w, https:\/\/mustc.pm.szczecin.pl\/wp-content\/uploads\/2025\/06\/Centrum-Szkoleniowe-Offshore-MUSTC-PM-cwiczenia-1-768x512.webp 768w, https:\/\/mustc.pm.szczecin.pl\/wp-content\/uploads\/2025\/06\/Centrum-Szkoleniowe-Offshore-MUSTC-PM-cwiczenia-1-1536x1023.webp 1536w, https:\/\/mustc.pm.szczecin.pl\/wp-content\/uploads\/2025\/06\/Centrum-Szkoleniowe-Offshore-MUSTC-PM-cwiczenia-1-18x12.webp 18w, https:\/\/mustc.pm.szczecin.pl\/wp-content\/uploads\/2025\/06\/Centrum-Szkoleniowe-Offshore-MUSTC-PM-cwiczenia-1-1000x666.webp 1000w, https:\/\/mustc.pm.szczecin.pl\/wp-content\/uploads\/2025\/06\/Centrum-Szkoleniowe-Offshore-MUSTC-PM-cwiczenia-1-230x153.webp 230w, https:\/\/mustc.pm.szczecin.pl\/wp-content\/uploads\/2025\/06\/Centrum-Szkoleniowe-Offshore-MUSTC-PM-cwiczenia-1-350x233.webp 350w, https:\/\/mustc.pm.szczecin.pl\/wp-content\/uploads\/2025\/06\/Centrum-Szkoleniowe-Offshore-MUSTC-PM-cwiczenia-1-480x320.webp 480w, https:\/\/mustc.pm.szczecin.pl\/wp-content\/uploads\/2025\/06\/Centrum-Szkoleniowe-Offshore-MUSTC-PM-cwiczenia-1.webp 1900w\" sizes=\"(max-width: 1024px) 100vw, 1024px\" \/>\t\t\t\t\t\t\t\t\t\t\t\t\t\t\t<\/div>\n\t\t\t\t<\/div>\n\t\t\t\t\t<\/div>\n\t\t<\/div>\n\t\t\t\t<div class=\"elementor-column elementor-col-50 elementor-top-column elementor-element elementor-element-4bae628\" data-id=\"4bae628\" data-element_type=\"column\" data-e-type=\"column\">\n\t\t\t<div class=\"elementor-widget-wrap elementor-element-populated\">\n\t\t\t\t\t\t<div class=\"elementor-element elementor-element-c5741ad elementor-widget elementor-widget-text-editor\" data-id=\"c5741ad\" data-element_type=\"widget\" data-e-type=\"widget\" data-widget_type=\"text-editor.default\">\n\t\t\t\t<div class=\"elementor-widget-container\">\n\t\t\t\t\t\t\t\t\t<p>The OTC consists of more than a dozen major installations and devices including:<\/p><ul><li>4-meter-deep training pool with a storm condition simulator: a wave generator, a set of low and high-pitched speakers, strobe lights and water fans<\/li><li>heavy fog generator for creating lack of visibility conditions<\/li><li>rescue boat equipped with capsize recovery system powered by compressed air<\/li><li>rafts and lifeboat<\/li><li>steel platforms with escape sleeve used for offshore wind turbine emergency procedure training<\/li><li>custom-designed platform for work-at-height training in accordance with the GWO standard<\/li><li>dedicated davit along with a submersible helicopter cabin for HUET training<\/li><\/ul>\t\t\t\t\t\t\t\t<\/div>\n\t\t\t\t<\/div>\n\t\t\t\t\t<\/div>\n\t\t<\/div>\n\t\t\t\t\t<\/div>\n\t\t<\/section>\n\t\t\t\t<section data-particle_enable=\"false\" data-particle-mobile-disabled=\"false\" class=\"elementor-section elementor-top-section elementor-element elementor-element-047b227 elementor-section-boxed elementor-section-height-default elementor-section-height-default\" data-id=\"047b227\" data-element_type=\"section\" data-e-type=\"section\">\n\t\t\t\t\t\t<div class=\"elementor-container elementor-column-gap-default\">\n\t\t\t\t\t<div class=\"elementor-column elementor-col-100 elementor-top-column elementor-element elementor-element-fd4bb26\" data-id=\"fd4bb26\" data-element_type=\"column\" data-e-type=\"column\">\n\t\t\t<div class=\"elementor-widget-wrap elementor-element-populated\">\n\t\t\t\t\t\t<div class=\"elementor-element elementor-element-2d9e276 elementor-widget elementor-widget-text-editor\" data-id=\"2d9e276\" data-element_type=\"widget\" data-e-type=\"widget\" data-widget_type=\"text-editor.default\">\n\t\t\t\t<div class=\"elementor-widget-container\">\n\t\t\t\t\t\t\t\t\t<p>The facility also has two lecture rooms with multimedia boards and audio communication systems. Additional equipment incl. phantoms, rescue bags, and orthopaedic boards allow for the delivery of high-quality safety, rescue and life-saving courses. OTC provides the following courses and training:<\/p><ul><li>GWO Sea Survival<\/li><li>GWO Working at Height<\/li><li>GWO i STCW First Aid<\/li><li>GWO Manual Handling<\/li><li>STCW ITR<\/li><li>cz\u0119\u015bciowo kursy STCW: ratownika, starszego ratownika i inne.<\/li><\/ul>\t\t\t\t\t\t\t\t<\/div>\n\t\t\t\t<\/div>\n\t\t\t\t\t<\/div>\n\t\t<\/div>\n\t\t\t\t\t<\/div>\n\t\t<\/section>\n\t\t\t\t<section data-particle_enable=\"false\" data-particle-mobile-disabled=\"false\" class=\"elementor-section elementor-top-section elementor-element elementor-element-444f55f elementor-section-boxed elementor-section-height-default elementor-section-height-default\" data-id=\"444f55f\" data-element_type=\"section\" data-e-type=\"section\">\n\t\t\t\t\t\t<div class=\"elementor-container elementor-column-gap-default\">\n\t\t\t\t\t<div class=\"elementor-column elementor-col-100 elementor-top-column elementor-element elementor-element-72b0d97\" data-id=\"72b0d97\" data-element_type=\"column\" data-e-type=\"column\">\n\t\t\t<div class=\"elementor-widget-wrap elementor-element-populated\">\n\t\t\t\t\t\t<div class=\"elementor-element elementor-element-aef27f2 elementor-widget elementor-widget-video\" data-id=\"aef27f2\" data-element_type=\"widget\" data-e-type=\"widget\" data-settings=\"{&quot;youtube_url&quot;:&quot;https:\\\/\\\/www.youtube.com\\\/watch?v=yt7Qs8SpNi8&quot;,&quot;video_type&quot;:&quot;youtube&quot;,&quot;controls&quot;:&quot;yes&quot;}\" data-widget_type=\"video.default\">\n\t\t\t\t<div class=\"elementor-widget-container\">\n\t\t\t\t\t\t\t<div class=\"elementor-wrapper elementor-open-inline\">\n\t\t\t<div class=\"elementor-video\"><\/div>\t\t<\/div>\n\t\t\t\t\t\t<\/div>\n\t\t\t\t<\/div>\n\t\t\t\t\t<\/div>\n\t\t<\/div>\n\t\t\t\t\t<\/div>\n\t\t<\/section>\n\t\t\t\t<section data-particle_enable=\"false\" data-particle-mobile-disabled=\"false\" class=\"elementor-section elementor-top-section elementor-element elementor-element-4dcc62f elementor-section-boxed elementor-section-height-default elementor-section-height-default\" data-id=\"4dcc62f\" data-element_type=\"section\" data-e-type=\"section\">\n\t\t\t\t\t\t<div class=\"elementor-container elementor-column-gap-default\">\n\t\t\t\t\t<div class=\"elementor-column elementor-col-100 elementor-top-column elementor-element elementor-element-2a11b6c\" data-id=\"2a11b6c\" data-element_type=\"column\" data-e-type=\"column\">\n\t\t\t<div class=\"elementor-widget-wrap elementor-element-populated\">\n\t\t\t\t\t\t<div class=\"elementor-element elementor-element-65039a2 elementor-widget elementor-widget-video\" data-id=\"65039a2\" data-element_type=\"widget\" data-e-type=\"widget\" data-settings=\"{&quot;youtube_url&quot;:&quot;https:\\\/\\\/www.youtube.com\\\/watch?v=PXON0bd0Jls&amp;t=1s&quot;,&quot;video_type&quot;:&quot;youtube&quot;,&quot;controls&quot;:&quot;yes&quot;}\" data-widget_type=\"video.default\">\n\t\t\t\t<div class=\"elementor-widget-container\">\n\t\t\t\t\t\t\t<div class=\"elementor-wrapper elementor-open-inline\">\n\t\t\t<div class=\"elementor-video\"><\/div>\t\t<\/div>\n\t\t\t\t\t\t<\/div>\n\t\t\t\t<\/div>\n\t\t\t\t\t<\/div>\n\t\t<\/div>\n\t\t\t\t\t<\/div>\n\t\t<\/section>\n\t\t\t\t<section data-particle_enable=\"false\" data-particle-mobile-disabled=\"false\" class=\"elementor-section elementor-top-section elementor-element elementor-element-2fff4fb elementor-section-boxed elementor-section-height-default elementor-section-height-default\" data-id=\"2fff4fb\" data-element_type=\"section\" data-e-type=\"section\">\n\t\t\t\t\t\t<div class=\"elementor-container elementor-column-gap-default\">\n\t\t\t\t\t<div class=\"elementor-column elementor-col-100 elementor-top-column elementor-element elementor-element-ecfd528\" data-id=\"ecfd528\" data-element_type=\"column\" data-e-type=\"column\">\n\t\t\t<div class=\"elementor-widget-wrap elementor-element-populated\">\n\t\t\t\t\t\t<div class=\"elementor-element elementor-element-4917427 elementor-widget elementor-widget-spacer\" data-id=\"4917427\" data-element_type=\"widget\" data-e-type=\"widget\" data-widget_type=\"spacer.default\">\n\t\t\t\t<div class=\"elementor-widget-container\">\n\t\t\t\t\t\t\t<div class=\"elementor-spacer\">\n\t\t\t<div class=\"elementor-spacer-inner\"><\/div>\n\t\t<\/div>\n\t\t\t\t\t\t<\/div>\n\t\t\t\t<\/div>\n\t\t\t\t\t<\/div>\n\t\t<\/div>\n\t\t\t\t\t<\/div>\n\t\t<\/section>\n\t\t\t\t<section data-particle_enable=\"false\" data-particle-mobile-disabled=\"false\" class=\"elementor-section elementor-top-section elementor-element elementor-element-d1736d1 elementor-section-boxed elementor-section-height-default elementor-section-height-default\" data-id=\"d1736d1\" data-element_type=\"section\" data-e-type=\"section\">\n\t\t\t\t\t\t<div class=\"elementor-container elementor-column-gap-default\">\n\t\t\t\t\t<div class=\"elementor-column elementor-col-100 elementor-top-column elementor-element elementor-element-9129c23\" data-id=\"9129c23\" data-element_type=\"column\" data-e-type=\"column\">\n\t\t\t<div class=\"elementor-widget-wrap elementor-element-populated\">\n\t\t\t\t\t\t\t<\/div>\n\t\t<\/div>\n\t\t\t\t\t<\/div>\n\t\t<\/section>\n\t\t\t\t<\/div>","protected":false},"excerpt":{"rendered":"<p>CSO MUSTC Centrum Szkoleniowe Offshore MUSTC jest nowoczesnym o\u015brodkiem szkoleniowym oraz naukowym, w kt\u00f3rym przeprowadzane s\u0105 specjalistyczne kursy i szkolenia dla student\u00f3w, [&hellip;]<\/p>\n","protected":false},"author":1,"featured_media":0,"parent":0,"menu_order":0,"comment_status":"closed","ping_status":"closed","template":"elementor_header_footer","meta":{"footnotes":""},"class_list":["post-1026","page","type-page","status-publish","hentry"],"_links":{"self":[{"href":"https:\/\/mustc.pm.szczecin.pl\/en\/wp-json\/wp\/v2\/pages\/1026","targetHints":{"allow":["GET"]}}],"collection":[{"href":"https:\/\/mustc.pm.szczecin.pl\/en\/wp-json\/wp\/v2\/pages"}],"about":[{"href":"https:\/\/mustc.pm.szczecin.pl\/en\/wp-json\/wp\/v2\/types\/page"}],"author":[{"embeddable":true,"href":"https:\/\/mustc.pm.szczecin.pl\/en\/wp-json\/wp\/v2\/users\/1"}],"replies":[{"embeddable":true,"href":"https:\/\/mustc.pm.szczecin.pl\/en\/wp-json\/wp\/v2\/comments?post=1026"}],"version-history":[{"count":32,"href":"https:\/\/mustc.pm.szczecin.pl\/en\/wp-json\/wp\/v2\/pages\/1026\/revisions"}],"predecessor-version":[{"id":3612,"href":"https:\/\/mustc.pm.szczecin.pl\/en\/wp-json\/wp\/v2\/pages\/1026\/revisions\/3612"}],"wp:attachment":[{"href":"https:\/\/mustc.pm.szczecin.pl\/en\/wp-json\/wp\/v2\/media?parent=1026"}],"curies":[{"name":"wp","href":"https:\/\/api.w.org\/{rel}","templated":true}]}}