{"id":1308,"date":"2023-09-04T14:49:15","date_gmt":"2023-09-04T12:49:15","guid":{"rendered":"https:\/\/mustc.pm.szczecin.pl\/?page_id=1308"},"modified":"2023-09-12T07:56:29","modified_gmt":"2023-09-12T05:56:29","slug":"ems-sar","status":"publish","type":"page","link":"https:\/\/mustc.pm.szczecin.pl\/en\/ems-sar\/","title":{"rendered":"Mi\u0119dzynarodowa Konferencja Ratownictwa EMS-SAR"},"content":{"rendered":"<div data-elementor-type=\"wp-page\" data-elementor-id=\"1308\" class=\"elementor elementor-1308\">\n\t\t\t\t\t\t<section data-particle_enable=\"false\" data-particle-mobile-disabled=\"false\" class=\"elementor-section elementor-top-section elementor-element elementor-element-5f59677 elementor-section-boxed elementor-section-height-default elementor-section-height-default\" data-id=\"5f59677\" data-element_type=\"section\" data-e-type=\"section\">\n\t\t\t\t\t\t<div class=\"elementor-container elementor-column-gap-default\">\n\t\t\t\t\t<div class=\"elementor-column elementor-col-100 elementor-top-column elementor-element elementor-element-505a4cb\" data-id=\"505a4cb\" data-element_type=\"column\" data-e-type=\"column\">\n\t\t\t<div class=\"elementor-widget-wrap elementor-element-populated\">\n\t\t\t\t\t\t<div class=\"elementor-element elementor-element-2ac94eb elementor-widget elementor-widget-heading\" data-id=\"2ac94eb\" data-element_type=\"widget\" data-e-type=\"widget\" data-widget_type=\"heading.default\">\n\t\t\t\t<div class=\"elementor-widget-container\">\n\t\t\t\t\t<h2 class=\"elementor-heading-title elementor-size-default\">Mi\u0119dzynarodowa Konferencja Ratownictwa EMS-SAR<\/h2>\t\t\t\t<\/div>\n\t\t\t\t<\/div>\n\t\t\t\t<div class=\"elementor-element elementor-element-05df07f elementor-widget elementor-widget-image\" data-id=\"05df07f\" data-element_type=\"widget\" data-e-type=\"widget\" data-widget_type=\"image.default\">\n\t\t\t\t<div class=\"elementor-widget-container\">\n\t\t\t\t\t\t\t\t\t\t\t\t\t\t\t<img fetchpriority=\"high\" decoding=\"async\" width=\"1024\" height=\"683\" src=\"https:\/\/mustc.pm.szczecin.pl\/wp-content\/uploads\/2023\/09\/Glowna.jpg\" class=\"attachment-large size-large wp-image-1317\" alt=\"\" srcset=\"https:\/\/mustc.pm.szczecin.pl\/wp-content\/uploads\/2023\/09\/Glowna.jpg 1024w, https:\/\/mustc.pm.szczecin.pl\/wp-content\/uploads\/2023\/09\/Glowna-300x200.jpg 300w, https:\/\/mustc.pm.szczecin.pl\/wp-content\/uploads\/2023\/09\/Glowna-768x512.jpg 768w, https:\/\/mustc.pm.szczecin.pl\/wp-content\/uploads\/2023\/09\/Glowna-18x12.jpg 18w, https:\/\/mustc.pm.szczecin.pl\/wp-content\/uploads\/2023\/09\/Glowna-1000x667.jpg 1000w, https:\/\/mustc.pm.szczecin.pl\/wp-content\/uploads\/2023\/09\/Glowna-230x153.jpg 230w, https:\/\/mustc.pm.szczecin.pl\/wp-content\/uploads\/2023\/09\/Glowna-350x233.jpg 350w, https:\/\/mustc.pm.szczecin.pl\/wp-content\/uploads\/2023\/09\/Glowna-480x320.jpg 480w\" sizes=\"(max-width: 1024px) 100vw, 1024px\" \/>\t\t\t\t\t\t\t\t\t\t\t\t\t\t\t<\/div>\n\t\t\t\t<\/div>\n\t\t\t\t<div class=\"elementor-element elementor-element-2c2c457 elementor-widget elementor-widget-text-editor\" data-id=\"2c2c457\" data-element_type=\"widget\" data-e-type=\"widget\" data-widget_type=\"text-editor.default\">\n\t\t\t\t<div class=\"elementor-widget-container\">\n\t\t\t\t\t\t\t\t\t<p><strong>I Mi\u0119dzynarodowa Konferencja Ratownictwa EMS-SAR 2023<\/strong>, kt\u00f3ra odby\u0142a si\u0119 we wsp\u00f3\u0142pracy mi\u0119dzy Politechnik\u0105 Morsk\u0105 w Szczecinie i Pomorskim Uniwersytetem Medycznym, to wydarzenie, kt\u00f3re zgromadzi\u0142o specjalist\u00f3w z r\u00f3\u017cnych dziedzin, w tym ratownik\u00f3w morskich, medycznych, wodnych, stra\u017cak\u00f3w, wojskowych, student\u00f3w i naukowc\u00f3w. By\u0142a to pierwsza tego typu konferencja w regionie, a by\u0107 mo\u017ce i w Polsce.<\/p><p>Konferencja, kt\u00f3ra odby\u0142a si\u0119 w obiektach Politechniki Morskiej, mia\u0142a na celu przedstawienie specyfiki dzia\u0142alno\u015bci ratowniczej w obliczu zagro\u017ce\u0144 na morzu oraz praktyczne szkolenia z medycyny ratunkowej, technik prze\u017cycia, ratownictwa wysoko\u015bciowego, pomocy w warunkach przetrwania na morzu, TCCC na statkach i ratownictwa specjalistycznego.<\/p><p>Pierwszy dzie\u0144 konferencji rozpocz\u0105\u0142 si\u0119 od przem\u00f3wie\u0144 wyg\u0142oszonych przez JM Rektora PM Wojciecha \u015al\u0105czk\u0119, JM Rektora PUM Bogus\u0142awa Machali\u0144skiego oraz Prorektora ds. Morskich PM Arkadiusza Tomczaka. Nast\u0119pnie odby\u0142a si\u0119 seria wyk\u0142ad\u00f3w, prezentacji i prelekcji prowadzonych przez ekspert\u00f3w z r\u00f3\u017cnych dziedzin. Om\u00f3wione tematy obejmowa\u0142y zakres dzia\u0142a\u0144 poszczeg\u00f3lnych podmiot\u00f3w w zdarzeniach nadzwyczajnych, systemy ratownicze w Polsce i na \u015bwiecie, ratownictwo morskie, medycyn\u0119 ratunkow\u0105, ratownictwo specjalistyczne, bezpiecze\u0144stwo pa\u0144stwa i rozw\u00f3j gospodarki morskiej, pomoc medyczn\u0105 w s\u0142u\u017cbach mundurowych oraz edukacj\u0119 z zakresu pierwszej pomocy.<\/p><p>Drugiego dnia uczestnicy wzi\u0119li udzia\u0142 w praktycznych \u0107wiczeniach w Centrum Szkoleniowym Offshore MUSTC, w tym w szkoleniach dotycz\u0105cych zaopatrywania ran i uraz\u00f3w w warunkach morskich, ratownictwa i ewakuacji z przestrzeni zamkni\u0119tych, ratownictwa i samoratownictwa w sektorze turbin wiatrowych oraz \u0107wicze\u0144 Crew Transfer Vessel (CTV) i Triage w wirtualnej rzeczywisto\u015bci.<\/p><p>Partnerzy wydarzenia, w tym wiod\u0105cy \u015bwiatowi producenci i dystrybutorzy sprz\u0119tu oraz firmy szkoleniowe, zaprezentowali swoje innowacyjne rozwi\u0105zania i sprz\u0119ty u\u0142atwiaj\u0105ce przeprowadzanie akcji ratowniczych.<\/p><p>Uczestnicy konferencji otrzymali 13 punkt\u00f3w edukacyjnych zgodnie z Rozp. Ministra Zdrowia z dn. 13 grudnia 2019 w sprawie doskonalenia zawodowego ratownik\u00f3w medycznych, a tak\u017ce certyfikaty za uczestnictwo w cz\u0119\u015bci teoretycznej oraz dodatkowe certyfikaty w zale\u017cno\u015bci od zapisanych szkole\u0144 praktycznych.<\/p><p>Patronat honorowy nad wydarzeniem obj\u0119li rektorzy renomowanych uczelni, w tym Politechniki Morskiej, Pomorskiego Uniwersytetu Medycznego oraz Szko\u0142y G\u0142\u00f3wnej S\u0142u\u017cby Po\u017carniczej, a tak\u017ce Dyrektorzy Morskiej S\u0142u\u017cby Poszukiwania i Ratownictwa oraz Wojew\u00f3dzkiej Stacji Pogotowia Ratunkowego, a tak\u017ce wp\u0142ywowe postaci \u015bwiatowej bran\u017cy morskiej.<\/p><p>W rezultacie, konferencja EMS-SAR 2023 by\u0142a wydarzeniem ciekawym i warto\u015bciowym, kt\u00f3re \u0142\u0105czy ludzi, s\u0142u\u017cby, morze i l\u0105d, i kt\u00f3re przyczynia si\u0119 do rozwoju wiedzy i umiej\u0119tno\u015bci specjalist\u00f3w z r\u00f3\u017cnych dziedzin zwi\u0105zanych z ratownictwem morskim i medycznym. Komitet Organizacyjny: przewodnicz\u0105cy Kamil Kielek oraz wiceprzewodnicz\u0105cy: El\u017cbieta Stojanowska oraz Maciej Denisiuk serdecznie dzi\u0119kuj\u0105 za udzia\u0142 i zainteresowanie wydarzeniem.<\/p>\t\t\t\t\t\t\t\t<\/div>\n\t\t\t\t<\/div>\n\t\t\t\t\t<\/div>\n\t\t<\/div>\n\t\t\t\t\t<\/div>\n\t\t<\/section>\n\t\t\t\t<section data-particle_enable=\"false\" data-particle-mobile-disabled=\"false\" class=\"elementor-section elementor-top-section elementor-element elementor-element-7a2f096 elementor-section-boxed elementor-section-height-default elementor-section-height-default\" data-id=\"7a2f096\" data-element_type=\"section\" data-e-type=\"section\">\n\t\t\t\t\t\t<div class=\"elementor-container elementor-column-gap-default\">\n\t\t\t\t\t<div class=\"elementor-column elementor-col-100 elementor-top-column elementor-element elementor-element-c509f37\" data-id=\"c509f37\" data-element_type=\"column\" data-e-type=\"column\">\n\t\t\t<div class=\"elementor-widget-wrap elementor-element-populated\">\n\t\t\t\t\t\t<div class=\"elementor-element elementor-element-cc1373f elementor-widget elementor-widget-video\" data-id=\"cc1373f\" data-element_type=\"widget\" data-e-type=\"widget\" data-settings=\"{&quot;youtube_url&quot;:&quot;https:\\\/\\\/youtu.be\\\/LigJjIJFg3M&quot;,&quot;video_type&quot;:&quot;youtube&quot;,&quot;controls&quot;:&quot;yes&quot;}\" data-widget_type=\"video.default\">\n\t\t\t\t<div class=\"elementor-widget-container\">\n\t\t\t\t\t\t\t<div class=\"elementor-wrapper elementor-open-inline\">\n\t\t\t<div class=\"elementor-video\"><\/div>\t\t<\/div>\n\t\t\t\t\t\t<\/div>\n\t\t\t\t<\/div>\n\t\t\t\t\t<\/div>\n\t\t<\/div>\n\t\t\t\t\t<\/div>\n\t\t<\/section>\n\t\t\t\t<section data-particle_enable=\"false\" data-particle-mobile-disabled=\"false\" class=\"elementor-section elementor-top-section elementor-element elementor-element-082fd66 elementor-section-boxed elementor-section-height-default elementor-section-height-default\" data-id=\"082fd66\" data-element_type=\"section\" data-e-type=\"section\">\n\t\t\t\t\t\t<div class=\"elementor-container elementor-column-gap-default\">\n\t\t\t\t\t<div class=\"elementor-column elementor-col-100 elementor-top-column elementor-element elementor-element-60f5be6\" data-id=\"60f5be6\" data-element_type=\"column\" data-e-type=\"column\">\n\t\t\t<div class=\"elementor-widget-wrap elementor-element-populated\">\n\t\t\t\t\t\t<div class=\"elementor-element elementor-element-cfe49ad elementor-widget elementor-widget-gallery\" data-id=\"cfe49ad\" data-element_type=\"widget\" data-e-type=\"widget\" data-widget_type=\"gallery.default\">\n\t\t\t\t<div class=\"elementor-widget-container\">\n\t\t\t\t\t \t\t\t\t<\/div>\n\t\t\t\t<\/div>\n\t\t\t\t\t<\/div>\n\t\t<\/div>\n\t\t\t\t\t<\/div>\n\t\t<\/section>\n\t\t\t\t<\/div>","protected":false},"excerpt":{"rendered":"<p>Mi\u0119dzynarodowa Konferencja Ratownictwa EMS-SAR I Mi\u0119dzynarodowa Konferencja Ratownictwa EMS-SAR 2023, kt\u00f3ra odby\u0142a si\u0119 we wsp\u00f3\u0142pracy mi\u0119dzy Politechnik\u0105 Morsk\u0105 w Szczecinie i Pomorskim [&hellip;]<\/p>\n","protected":false},"author":1,"featured_media":0,"parent":0,"menu_order":0,"comment_status":"closed","ping_status":"closed","template":"elementor_header_footer","meta":{"footnotes":""},"class_list":["post-1308","page","type-page","status-publish","hentry"],"_links":{"self":[{"href":"https:\/\/mustc.pm.szczecin.pl\/en\/wp-json\/wp\/v2\/pages\/1308","targetHints":{"allow":["GET"]}}],"collection":[{"href":"https:\/\/mustc.pm.szczecin.pl\/en\/wp-json\/wp\/v2\/pages"}],"about":[{"href":"https:\/\/mustc.pm.szczecin.pl\/en\/wp-json\/wp\/v2\/types\/page"}],"author":[{"embeddable":true,"href":"https:\/\/mustc.pm.szczecin.pl\/en\/wp-json\/wp\/v2\/users\/1"}],"replies":[{"embeddable":true,"href":"https:\/\/mustc.pm.szczecin.pl\/en\/wp-json\/wp\/v2\/comments?post=1308"}],"version-history":[{"count":16,"href":"https:\/\/mustc.pm.szczecin.pl\/en\/wp-json\/wp\/v2\/pages\/1308\/revisions"}],"predecessor-version":[{"id":1383,"href":"https:\/\/mustc.pm.szczecin.pl\/en\/wp-json\/wp\/v2\/pages\/1308\/revisions\/1383"}],"wp:attachment":[{"href":"https:\/\/mustc.pm.szczecin.pl\/en\/wp-json\/wp\/v2\/media?parent=1308"}],"curies":[{"name":"wp","href":"https:\/\/api.w.org\/{rel}","templated":true}]}}